{"id":103,"date":"2024-12-13T09:54:49","date_gmt":"2024-12-13T09:54:49","guid":{"rendered":"https:\/\/dieheissibohne.ch\/?page_id=103"},"modified":"2024-12-13T09:54:49","modified_gmt":"2024-12-13T09:54:49","slug":"gluehwein-drrr-originau","status":"publish","type":"page","link":"https:\/\/dieheissibohne.ch\/?page_id=103","title":{"rendered":"Gl\u00fchwein &#8222;Drrr Originau&#8220;"},"content":{"rendered":"\n<p id=\"block-150bd05d-5195-4071-b0ce-39a375bdcde3\">&#8222;&#8220;Drrr Originau&#8220; Gl\u00fchwein aus der hauseigenen Gl\u00fchwerkstatt ist im Laden zum trinken vor Ort oder in der praktischen 3l Bag in Box erh\u00e4ltlich.<\/p>\n\n\n\n<p class=\"has-text-align-center\"><strong>&#8222;Drrr Originau&#8220; roter Gl\u00fchwein<\/strong><\/p>\n\n\n\n<figure class=\"wp-block-image aligncenter size-large is-resized\"><img loading=\"lazy\" decoding=\"async\" width=\"757\" height=\"1024\" src=\"https:\/\/dieheissibohne.ch\/wp-content\/uploads\/2024\/12\/Roter-Gluehwein-757x1024.jpg\" alt=\"\" class=\"wp-image-108\" style=\"width:350px\" srcset=\"https:\/\/dieheissibohne.ch\/wp-content\/uploads\/2024\/12\/Roter-Gluehwein-757x1024.jpg 757w, https:\/\/dieheissibohne.ch\/wp-content\/uploads\/2024\/12\/Roter-Gluehwein-222x300.jpg 222w, https:\/\/dieheissibohne.ch\/wp-content\/uploads\/2024\/12\/Roter-Gluehwein-768x1038.jpg 768w, https:\/\/dieheissibohne.ch\/wp-content\/uploads\/2024\/12\/Roter-Gluehwein-1136x1536.jpg 1136w, https:\/\/dieheissibohne.ch\/wp-content\/uploads\/2024\/12\/Roter-Gluehwein-1515x2048.jpg 1515w, https:\/\/dieheissibohne.ch\/wp-content\/uploads\/2024\/12\/Roter-Gluehwein-scaled.jpg 1893w\" sizes=\"auto, (max-width: 757px) 100vw, 757px\" \/><\/figure>\n\n\n\n<p class=\"has-text-align-center\"><br><strong>&#8222;Drrr Guudig&#8220; weisser Gl\u00fchwein<\/strong><\/p>\n\n\n\n<figure class=\"wp-block-image aligncenter size-large is-resized\"><img loading=\"lazy\" decoding=\"async\" width=\"757\" height=\"1024\" src=\"https:\/\/dieheissibohne.ch\/wp-content\/uploads\/2024\/12\/Weisser-Gluehwein-757x1024.jpg\" alt=\"\" class=\"wp-image-109\" style=\"width:350px\" srcset=\"https:\/\/dieheissibohne.ch\/wp-content\/uploads\/2024\/12\/Weisser-Gluehwein-757x1024.jpg 757w, https:\/\/dieheissibohne.ch\/wp-content\/uploads\/2024\/12\/Weisser-Gluehwein-222x300.jpg 222w, https:\/\/dieheissibohne.ch\/wp-content\/uploads\/2024\/12\/Weisser-Gluehwein-768x1038.jpg 768w, https:\/\/dieheissibohne.ch\/wp-content\/uploads\/2024\/12\/Weisser-Gluehwein-1136x1536.jpg 1136w, https:\/\/dieheissibohne.ch\/wp-content\/uploads\/2024\/12\/Weisser-Gluehwein-1515x2048.jpg 1515w, https:\/\/dieheissibohne.ch\/wp-content\/uploads\/2024\/12\/Weisser-Gluehwein-scaled.jpg 1893w\" sizes=\"auto, (max-width: 757px) 100vw, 757px\" \/><\/figure>\n\n\n\n<p class=\"has-text-align-center\"><strong><br>&#8222;Drrr Originau&#8220; Gl\u00fchmost alkoholfrei<\/strong><\/p>\n\n\n\n<figure class=\"wp-block-image aligncenter size-large is-resized\"><img loading=\"lazy\" decoding=\"async\" width=\"757\" height=\"1024\" src=\"https:\/\/dieheissibohne.ch\/wp-content\/uploads\/2024\/12\/Gluehmost-757x1024.jpg\" alt=\"\" class=\"wp-image-110\" style=\"width:350px\" srcset=\"https:\/\/dieheissibohne.ch\/wp-content\/uploads\/2024\/12\/Gluehmost-757x1024.jpg 757w, https:\/\/dieheissibohne.ch\/wp-content\/uploads\/2024\/12\/Gluehmost-222x300.jpg 222w, https:\/\/dieheissibohne.ch\/wp-content\/uploads\/2024\/12\/Gluehmost-768x1038.jpg 768w, https:\/\/dieheissibohne.ch\/wp-content\/uploads\/2024\/12\/Gluehmost-1136x1536.jpg 1136w, https:\/\/dieheissibohne.ch\/wp-content\/uploads\/2024\/12\/Gluehmost-1515x2048.jpg 1515w, https:\/\/dieheissibohne.ch\/wp-content\/uploads\/2024\/12\/Gluehmost-scaled.jpg 1893w\" sizes=\"auto, (max-width: 757px) 100vw, 757px\" \/><\/figure>\n\n\n\n<p class=\"has-text-align-center\"><strong>Preis: CHF 36.00<\/strong><br><br>Inhalt: 3 Liter oder 15 Tassen<br><br>Zubereitung:<br>Gew\u00fcnschte Menge in der Pfanne, der Mikrowelle oder an der Dampflanze der Espressomaschine erhitzen und geniessen.<br><br><\/p>\n\n\n\n<p><\/p>\n","protected":false},"excerpt":{"rendered":"<p>&#8222;&#8220;Drrr Originau&#8220; Gl\u00fchwein aus der hauseigenen Gl\u00fchwerkstatt ist im Laden zum trinken vor Ort oder in der praktischen 3l Bag in Box erh\u00e4ltlich. &#8222;Drrr Originau&#8220; roter Gl\u00fchwein &#8222;Drrr Guudig&#8220; weisser Gl\u00fchwein &#8222;Drrr Originau&#8220; Gl\u00fchmost alkoholfrei Preis: CHF 36.00 Inhalt: 3 Liter oder 15 Tassen Zubereitung:Gew\u00fcnschte Menge in der Pfanne, der Mikrowelle oder an der Dampflanze [&hellip;]<\/p>\n","protected":false},"author":2,"featured_media":0,"parent":0,"menu_order":0,"comment_status":"closed","ping_status":"closed","template":"","meta":{"footnotes":""},"class_list":["post-103","page","type-page","status-publish","hentry"],"_links":{"self":[{"href":"https:\/\/dieheissibohne.ch\/index.php?rest_route=\/wp\/v2\/pages\/103","targetHints":{"allow":["GET"]}}],"collection":[{"href":"https:\/\/dieheissibohne.ch\/index.php?rest_route=\/wp\/v2\/pages"}],"about":[{"href":"https:\/\/dieheissibohne.ch\/index.php?rest_route=\/wp\/v2\/types\/page"}],"author":[{"embeddable":true,"href":"https:\/\/dieheissibohne.ch\/index.php?rest_route=\/wp\/v2\/users\/2"}],"replies":[{"embeddable":true,"href":"https:\/\/dieheissibohne.ch\/index.php?rest_route=%2Fwp%2Fv2%2Fcomments&post=103"}],"version-history":[{"count":2,"href":"https:\/\/dieheissibohne.ch\/index.php?rest_route=\/wp\/v2\/pages\/103\/revisions"}],"predecessor-version":[{"id":111,"href":"https:\/\/dieheissibohne.ch\/index.php?rest_route=\/wp\/v2\/pages\/103\/revisions\/111"}],"wp:attachment":[{"href":"https:\/\/dieheissibohne.ch\/index.php?rest_route=%2Fwp%2Fv2%2Fmedia&parent=103"}],"curies":[{"name":"wp","href":"https:\/\/api.w.org\/{rel}","templated":true}]}}