{"id":80,"date":"2024-12-13T12:00:47","date_gmt":"2024-12-13T12:00:47","guid":{"rendered":"https:\/\/dieheissibohne.ch\/?page_id=80"},"modified":"2024-12-13T12:00:47","modified_gmt":"2024-12-13T12:00:47","slug":"kaffeebohnen-von-der-kaffee","status":"publish","type":"page","link":"https:\/\/dieheissibohne.ch\/?page_id=80","title":{"rendered":"Kaffeebohnen von &#8222;Der Kaffee&#8220;"},"content":{"rendered":"\n<figure class=\"wp-block-image aligncenter size-full\"><img loading=\"lazy\" decoding=\"async\" width=\"448\" height=\"149\" src=\"https:\/\/dieheissibohne.ch\/wp-content\/uploads\/2024\/12\/derkaffe_blau_Zusatzpink_900_px_breit.avif\" alt=\"\" class=\"wp-image-121\"\/><\/figure>\n\n\n\n<figure class=\"wp-block-image size-large\"><img loading=\"lazy\" decoding=\"async\" width=\"1024\" height=\"645\" src=\"https:\/\/dieheissibohne.ch\/wp-content\/uploads\/2024\/12\/Kaffee-1024x645.jpg\" alt=\"\" class=\"wp-image-122\" srcset=\"https:\/\/dieheissibohne.ch\/wp-content\/uploads\/2024\/12\/Kaffee-1024x645.jpg 1024w, https:\/\/dieheissibohne.ch\/wp-content\/uploads\/2024\/12\/Kaffee-300x189.jpg 300w, https:\/\/dieheissibohne.ch\/wp-content\/uploads\/2024\/12\/Kaffee-768x484.jpg 768w, https:\/\/dieheissibohne.ch\/wp-content\/uploads\/2024\/12\/Kaffee-1536x967.jpg 1536w, https:\/\/dieheissibohne.ch\/wp-content\/uploads\/2024\/12\/Kaffee-2048x1290.jpg 2048w\" sizes=\"auto, (max-width: 1024px) 100vw, 1024px\" \/><\/figure>\n\n\n\n<p class=\"has-text-align-center\"><strong>Bohnenkaffee von &#8222;Der Kaffee&#8220; R\u00fcedisbach<\/strong><br>Wir bieten eine grosse Sortiment der beliebten Sorten.<br>Als Bohnen oder nach deinen W\u00fcnschen gemahlen erh\u00e4ltlich.<br>Komme vorbei und lasse dich beraten.<br><\/p>\n\n\n\n<div class=\"wp-block-cover\"><span aria-hidden=\"true\" class=\"wp-block-cover__background has-background-dim\"><\/span><img loading=\"lazy\" decoding=\"async\" width=\"930\" height=\"1024\" class=\"wp-block-cover__image-background wp-image-123\" alt=\"\" src=\"https:\/\/dieheissibohne.ch\/wp-content\/uploads\/2024\/12\/PODS-930x1024.jpg\" data-object-fit=\"cover\" srcset=\"https:\/\/dieheissibohne.ch\/wp-content\/uploads\/2024\/12\/PODS-930x1024.jpg 930w, https:\/\/dieheissibohne.ch\/wp-content\/uploads\/2024\/12\/PODS-272x300.jpg 272w, https:\/\/dieheissibohne.ch\/wp-content\/uploads\/2024\/12\/PODS-768x846.jpg 768w, https:\/\/dieheissibohne.ch\/wp-content\/uploads\/2024\/12\/PODS-1395x1536.jpg 1395w, https:\/\/dieheissibohne.ch\/wp-content\/uploads\/2024\/12\/PODS-1860x2048.jpg 1860w\" sizes=\"auto, (max-width: 930px) 100vw, 930px\" \/><div class=\"wp-block-cover__inner-container is-layout-flow wp-block-cover-is-layout-flow\">\n<p class=\"has-text-align-center has-large-font-size\">E.S.E Pods<\/p>\n<\/div><\/div>\n\n\n\n<p class=\"has-text-align-center\"><strong>&#8222;Der Kaffee&#8220; f\u00fcr deine E.S.E Pods Maschine<\/strong><br>Die Mischungen No. 2 und No. 4 gibt es in den beliebten Pods.<br>CHF 13.50<\/p>\n\n\n","protected":false},"excerpt":{"rendered":"<p>Bohnenkaffee von &#8222;Der Kaffee&#8220; R\u00fcedisbachWir bieten eine grosse Sortiment der beliebten Sorten.Als Bohnen oder nach deinen W\u00fcnschen gemahlen erh\u00e4ltlich.Komme vorbei und lasse dich beraten. &#8222;Der Kaffee&#8220; f\u00fcr deine E.S.E Pods MaschineDie Mischungen No. 2 und No. 4 gibt es in den beliebten Pods.CHF 13.50<\/p>\n","protected":false},"author":2,"featured_media":0,"parent":0,"menu_order":0,"comment_status":"closed","ping_status":"closed","template":"","meta":{"footnotes":""},"class_list":["post-80","page","type-page","status-publish","hentry"],"_links":{"self":[{"href":"https:\/\/dieheissibohne.ch\/index.php?rest_route=\/wp\/v2\/pages\/80","targetHints":{"allow":["GET"]}}],"collection":[{"href":"https:\/\/dieheissibohne.ch\/index.php?rest_route=\/wp\/v2\/pages"}],"about":[{"href":"https:\/\/dieheissibohne.ch\/index.php?rest_route=\/wp\/v2\/types\/page"}],"author":[{"embeddable":true,"href":"https:\/\/dieheissibohne.ch\/index.php?rest_route=\/wp\/v2\/users\/2"}],"replies":[{"embeddable":true,"href":"https:\/\/dieheissibohne.ch\/index.php?rest_route=%2Fwp%2Fv2%2Fcomments&post=80"}],"version-history":[{"count":2,"href":"https:\/\/dieheissibohne.ch\/index.php?rest_route=\/wp\/v2\/pages\/80\/revisions"}],"predecessor-version":[{"id":124,"href":"https:\/\/dieheissibohne.ch\/index.php?rest_route=\/wp\/v2\/pages\/80\/revisions\/124"}],"wp:attachment":[{"href":"https:\/\/dieheissibohne.ch\/index.php?rest_route=%2Fwp%2Fv2%2Fmedia&parent=80"}],"curies":[{"name":"wp","href":"https:\/\/api.w.org\/{rel}","templated":true}]}}